{"id":10022,"date":"2024-03-19T17:01:59","date_gmt":"2024-03-19T21:01:59","guid":{"rendered":"https:\/\/bubbletubing.com\/?page_id=10022"},"modified":"2025-10-22T14:31:24","modified_gmt":"2025-10-22T18:31:24","slug":"bubbleflow-cfd","status":"publish","type":"page","link":"https:\/\/bubbletubing.com\/fr\/les-solutions-du-tuyau-bulle\/innovation-et-developpement-tuyau-bulle\/bubbleflow-cfd\/","title":{"rendered":"BubbleFlow CFD"},"content":{"rendered":"","protected":false},"excerpt":{"rendered":"","protected":false},"author":8,"featured_media":10118,"parent":241,"menu_order":0,"comment_status":"closed","ping_status":"closed","template":"pages\/page-application.php","meta":{"_acf_changed":false,"_relevanssi_hide_post":"","_relevanssi_hide_content":"","_relevanssi_pin_for_all":"","_relevanssi_pin_keywords":"","_relevanssi_unpin_keywords":"","_relevanssi_related_keywords":"","_relevanssi_related_include_ids":"","_relevanssi_related_exclude_ids":"","_relevanssi_related_no_append":"","_relevanssi_related_not_related":"","_relevanssi_related_posts":"","_relevanssi_noindex_reason":"","inline_featured_image":false,"footnotes":""},"class_list":["post-10022","page","type-page","status-publish","has-post-thumbnail","hentry"],"acf":[],"yoast_head":"<!-- This site is optimized with the Yoast SEO plugin v27.2 - https:\/\/yoast.com\/product\/yoast-seo-wordpress\/ -->\n<title>BubbleFlow CFD - Bubble Tubing<\/title>\n<meta name=\"description\" content=\"BubbleFlow CFD nous permet de pr\u00e9dire comment le mouvement de l&#039;eau est influenc\u00e9 par le mouvement des bulles lib\u00e9r\u00e9es par le diffuseur\" \/>\n<meta name=\"robots\" content=\"index, follow, max-snippet:-1, max-image-preview:large, max-video-preview:-1\" \/>\n<link rel=\"canonical\" href=\"https:\/\/bubbletubing.com\/fr\/les-solutions-du-tuyau-bulle\/innovation-et-developpement-tuyau-bulle\/bubbleflow-cfd\/\" \/>\n<meta property=\"og:locale\" content=\"fr_CA\" \/>\n<meta property=\"og:type\" content=\"article\" \/>\n<meta property=\"og:title\" content=\"BubbleFlow CFD - Bubble Tubing\" \/>\n<meta property=\"og:description\" content=\"BubbleFlow CFD nous permet de pr\u00e9dire comment le mouvement de l&#039;eau est influenc\u00e9 par le mouvement des bulles lib\u00e9r\u00e9es par le diffuseur\" \/>\n<meta property=\"og:url\" content=\"https:\/\/bubbletubing.com\/fr\/les-solutions-du-tuyau-bulle\/innovation-et-developpement-tuyau-bulle\/bubbleflow-cfd\/\" \/>\n<meta property=\"og:site_name\" content=\"Bubble Tubing\" \/>\n<meta property=\"article:modified_time\" content=\"2025-10-22T18:31:24+00:00\" \/>\n<meta property=\"og:image\" content=\"https:\/\/bubbletubing.com\/wp-content\/uploads\/2024\/03\/o-cfd-deicing-cpp-001-images-reseaux.jpg\" \/>\n\t<meta property=\"og:image:width\" content=\"1339\" \/>\n\t<meta property=\"og:image:height\" content=\"847\" \/>\n\t<meta property=\"og:image:type\" content=\"image\/jpeg\" \/>\n<meta name=\"twitter:card\" content=\"summary_large_image\" \/>\n<meta name=\"twitter:label1\" content=\"Est. reading time\" \/>\n\t<meta name=\"twitter:data1\" content=\"1 minute\" \/>\n<script type=\"application\/ld+json\" class=\"yoast-schema-graph\">{\"@context\":\"https:\/\/schema.org\",\"@graph\":[{\"@type\":\"WebPage\",\"@id\":\"https:\/\/bubbletubing.com\/fr\/les-solutions-du-tuyau-bulle\/innovation-et-developpement-tuyau-bulle\/bubbleflow-cfd\/\",\"url\":\"https:\/\/bubbletubing.com\/fr\/les-solutions-du-tuyau-bulle\/innovation-et-developpement-tuyau-bulle\/bubbleflow-cfd\/\",\"name\":\"BubbleFlow CFD - Bubble Tubing\",\"isPartOf\":{\"@id\":\"https:\/\/bubbletubing.com\/fr\/#website\"},\"primaryImageOfPage\":{\"@id\":\"https:\/\/bubbletubing.com\/fr\/les-solutions-du-tuyau-bulle\/innovation-et-developpement-tuyau-bulle\/bubbleflow-cfd\/#primaryimage\"},\"image\":{\"@id\":\"https:\/\/bubbletubing.com\/fr\/les-solutions-du-tuyau-bulle\/innovation-et-developpement-tuyau-bulle\/bubbleflow-cfd\/#primaryimage\"},\"thumbnailUrl\":\"https:\/\/bubbletubing.com\/wp-content\/uploads\/2024\/03\/o-cfd-deicing-cpp-001-images-reseaux.jpg\",\"datePublished\":\"2024-03-19T21:01:59+00:00\",\"dateModified\":\"2025-10-22T18:31:24+00:00\",\"description\":\"BubbleFlow CFD nous permet de pr\u00e9dire comment le mouvement de l'eau est influenc\u00e9 par le mouvement des bulles lib\u00e9r\u00e9es par le diffuseur\",\"breadcrumb\":{\"@id\":\"https:\/\/bubbletubing.com\/fr\/les-solutions-du-tuyau-bulle\/innovation-et-developpement-tuyau-bulle\/bubbleflow-cfd\/#breadcrumb\"},\"inLanguage\":\"fr-CA\",\"potentialAction\":[{\"@type\":\"ReadAction\",\"target\":[\"https:\/\/bubbletubing.com\/fr\/les-solutions-du-tuyau-bulle\/innovation-et-developpement-tuyau-bulle\/bubbleflow-cfd\/\"]}]},{\"@type\":\"ImageObject\",\"inLanguage\":\"fr-CA\",\"@id\":\"https:\/\/bubbletubing.com\/fr\/les-solutions-du-tuyau-bulle\/innovation-et-developpement-tuyau-bulle\/bubbleflow-cfd\/#primaryimage\",\"url\":\"https:\/\/bubbletubing.com\/wp-content\/uploads\/2024\/03\/o-cfd-deicing-cpp-001-images-reseaux.jpg\",\"contentUrl\":\"https:\/\/bubbletubing.com\/wp-content\/uploads\/2024\/03\/o-cfd-deicing-cpp-001-images-reseaux.jpg\",\"width\":1339,\"height\":847},{\"@type\":\"BreadcrumbList\",\"@id\":\"https:\/\/bubbletubing.com\/fr\/les-solutions-du-tuyau-bulle\/innovation-et-developpement-tuyau-bulle\/bubbleflow-cfd\/#breadcrumb\",\"itemListElement\":[{\"@type\":\"ListItem\",\"position\":1,\"name\":\"Home\",\"item\":\"https:\/\/bubbletubing.com\/fr\/\"},{\"@type\":\"ListItem\",\"position\":2,\"name\":\"Les Solutions du Tuyau Bulle\u00ae\",\"item\":\"https:\/\/bubbletubing.com\/fr\/les-solutions-du-tuyau-bulle\/\"},{\"@type\":\"ListItem\",\"position\":3,\"name\":\"Innovation et d\u00e9veloppement\",\"item\":\"https:\/\/bubbletubing.com\/fr\/les-solutions-du-tuyau-bulle\/innovation-et-developpement-tuyau-bulle\/\"},{\"@type\":\"ListItem\",\"position\":4,\"name\":\"BubbleFlow CFD\"}]},{\"@type\":\"WebSite\",\"@id\":\"https:\/\/bubbletubing.com\/fr\/#website\",\"url\":\"https:\/\/bubbletubing.com\/fr\/\",\"name\":\"Bubble Tubing\",\"description\":\"Barri\u00e8re de bulles, d\u00e9gla\u00e7age, a\u00e9ration\",\"potentialAction\":[{\"@type\":\"SearchAction\",\"target\":{\"@type\":\"EntryPoint\",\"urlTemplate\":\"https:\/\/bubbletubing.com\/fr\/?s={search_term_string}\"},\"query-input\":{\"@type\":\"PropertyValueSpecification\",\"valueRequired\":true,\"valueName\":\"search_term_string\"}}],\"inLanguage\":\"fr-CA\"}]}<\/script>\n<!-- \/ Yoast SEO plugin. -->","yoast_head_json":{"title":"BubbleFlow CFD - Bubble Tubing","description":"BubbleFlow CFD nous permet de pr\u00e9dire comment le mouvement de l'eau est influenc\u00e9 par le mouvement des bulles lib\u00e9r\u00e9es par le diffuseur","robots":{"index":"index","follow":"follow","max-snippet":"max-snippet:-1","max-image-preview":"max-image-preview:large","max-video-preview":"max-video-preview:-1"},"canonical":"https:\/\/bubbletubing.com\/fr\/les-solutions-du-tuyau-bulle\/innovation-et-developpement-tuyau-bulle\/bubbleflow-cfd\/","og_locale":"fr_CA","og_type":"article","og_title":"BubbleFlow CFD - Bubble Tubing","og_description":"BubbleFlow CFD nous permet de pr\u00e9dire comment le mouvement de l'eau est influenc\u00e9 par le mouvement des bulles lib\u00e9r\u00e9es par le diffuseur","og_url":"https:\/\/bubbletubing.com\/fr\/les-solutions-du-tuyau-bulle\/innovation-et-developpement-tuyau-bulle\/bubbleflow-cfd\/","og_site_name":"Bubble Tubing","article_modified_time":"2025-10-22T18:31:24+00:00","og_image":[{"width":1339,"height":847,"url":"https:\/\/bubbletubing.com\/wp-content\/uploads\/2024\/03\/o-cfd-deicing-cpp-001-images-reseaux.jpg","type":"image\/jpeg"}],"twitter_card":"summary_large_image","twitter_misc":{"Est. reading time":"1 minute"},"schema":{"@context":"https:\/\/schema.org","@graph":[{"@type":"WebPage","@id":"https:\/\/bubbletubing.com\/fr\/les-solutions-du-tuyau-bulle\/innovation-et-developpement-tuyau-bulle\/bubbleflow-cfd\/","url":"https:\/\/bubbletubing.com\/fr\/les-solutions-du-tuyau-bulle\/innovation-et-developpement-tuyau-bulle\/bubbleflow-cfd\/","name":"BubbleFlow CFD - Bubble Tubing","isPartOf":{"@id":"https:\/\/bubbletubing.com\/fr\/#website"},"primaryImageOfPage":{"@id":"https:\/\/bubbletubing.com\/fr\/les-solutions-du-tuyau-bulle\/innovation-et-developpement-tuyau-bulle\/bubbleflow-cfd\/#primaryimage"},"image":{"@id":"https:\/\/bubbletubing.com\/fr\/les-solutions-du-tuyau-bulle\/innovation-et-developpement-tuyau-bulle\/bubbleflow-cfd\/#primaryimage"},"thumbnailUrl":"https:\/\/bubbletubing.com\/wp-content\/uploads\/2024\/03\/o-cfd-deicing-cpp-001-images-reseaux.jpg","datePublished":"2024-03-19T21:01:59+00:00","dateModified":"2025-10-22T18:31:24+00:00","description":"BubbleFlow CFD nous permet de pr\u00e9dire comment le mouvement de l'eau est influenc\u00e9 par le mouvement des bulles lib\u00e9r\u00e9es par le diffuseur","breadcrumb":{"@id":"https:\/\/bubbletubing.com\/fr\/les-solutions-du-tuyau-bulle\/innovation-et-developpement-tuyau-bulle\/bubbleflow-cfd\/#breadcrumb"},"inLanguage":"fr-CA","potentialAction":[{"@type":"ReadAction","target":["https:\/\/bubbletubing.com\/fr\/les-solutions-du-tuyau-bulle\/innovation-et-developpement-tuyau-bulle\/bubbleflow-cfd\/"]}]},{"@type":"ImageObject","inLanguage":"fr-CA","@id":"https:\/\/bubbletubing.com\/fr\/les-solutions-du-tuyau-bulle\/innovation-et-developpement-tuyau-bulle\/bubbleflow-cfd\/#primaryimage","url":"https:\/\/bubbletubing.com\/wp-content\/uploads\/2024\/03\/o-cfd-deicing-cpp-001-images-reseaux.jpg","contentUrl":"https:\/\/bubbletubing.com\/wp-content\/uploads\/2024\/03\/o-cfd-deicing-cpp-001-images-reseaux.jpg","width":1339,"height":847},{"@type":"BreadcrumbList","@id":"https:\/\/bubbletubing.com\/fr\/les-solutions-du-tuyau-bulle\/innovation-et-developpement-tuyau-bulle\/bubbleflow-cfd\/#breadcrumb","itemListElement":[{"@type":"ListItem","position":1,"name":"Home","item":"https:\/\/bubbletubing.com\/fr\/"},{"@type":"ListItem","position":2,"name":"Les Solutions du Tuyau Bulle\u00ae","item":"https:\/\/bubbletubing.com\/fr\/les-solutions-du-tuyau-bulle\/"},{"@type":"ListItem","position":3,"name":"Innovation et d\u00e9veloppement","item":"https:\/\/bubbletubing.com\/fr\/les-solutions-du-tuyau-bulle\/innovation-et-developpement-tuyau-bulle\/"},{"@type":"ListItem","position":4,"name":"BubbleFlow CFD"}]},{"@type":"WebSite","@id":"https:\/\/bubbletubing.com\/fr\/#website","url":"https:\/\/bubbletubing.com\/fr\/","name":"Bubble Tubing","description":"Barri\u00e8re de bulles, d\u00e9gla\u00e7age, a\u00e9ration","potentialAction":[{"@type":"SearchAction","target":{"@type":"EntryPoint","urlTemplate":"https:\/\/bubbletubing.com\/fr\/?s={search_term_string}"},"query-input":{"@type":"PropertyValueSpecification","valueRequired":true,"valueName":"search_term_string"}}],"inLanguage":"fr-CA"}]}},"_links":{"self":[{"href":"https:\/\/bubbletubing.com\/fr\/wp-json\/wp\/v2\/pages\/10022","targetHints":{"allow":["GET"]}}],"collection":[{"href":"https:\/\/bubbletubing.com\/fr\/wp-json\/wp\/v2\/pages"}],"about":[{"href":"https:\/\/bubbletubing.com\/fr\/wp-json\/wp\/v2\/types\/page"}],"author":[{"embeddable":true,"href":"https:\/\/bubbletubing.com\/fr\/wp-json\/wp\/v2\/users\/8"}],"replies":[{"embeddable":true,"href":"https:\/\/bubbletubing.com\/fr\/wp-json\/wp\/v2\/comments?post=10022"}],"version-history":[{"count":2,"href":"https:\/\/bubbletubing.com\/fr\/wp-json\/wp\/v2\/pages\/10022\/revisions"}],"predecessor-version":[{"id":13467,"href":"https:\/\/bubbletubing.com\/fr\/wp-json\/wp\/v2\/pages\/10022\/revisions\/13467"}],"up":[{"embeddable":true,"href":"https:\/\/bubbletubing.com\/fr\/wp-json\/wp\/v2\/pages\/241"}],"wp:featuredmedia":[{"embeddable":true,"href":"https:\/\/bubbletubing.com\/fr\/wp-json\/wp\/v2\/media\/10118"}],"wp:attachment":[{"href":"https:\/\/bubbletubing.com\/fr\/wp-json\/wp\/v2\/media?parent=10022"}],"curies":[{"name":"wp","href":"https:\/\/api.w.org\/{rel}","templated":true}]}}