{"id":221,"date":"2020-02-25T16:18:49","date_gmt":"2020-02-25T21:18:49","guid":{"rendered":"http:\/\/localhost:8888\/bubble-tubing\/?page_id=221"},"modified":"2023-01-13T12:13:09","modified_gmt":"2023-01-13T17:13:09","slug":"demandez-une-soumission","status":"publish","type":"page","link":"https:\/\/bubbletubing.com\/fr\/demandez-une-soumission\/","title":{"rendered":"Demandez une soumission"},"content":{"rendered":"","protected":false},"excerpt":{"rendered":"","protected":false},"author":1,"featured_media":0,"parent":0,"menu_order":50,"comment_status":"closed","ping_status":"closed","template":"pages\/page-demandez-soumission.php","meta":{"_acf_changed":false,"_relevanssi_hide_post":"","_relevanssi_hide_content":"","_relevanssi_pin_for_all":"","_relevanssi_pin_keywords":"","_relevanssi_unpin_keywords":"","_relevanssi_related_keywords":"","_relevanssi_related_include_ids":"","_relevanssi_related_exclude_ids":"","_relevanssi_related_no_append":"","_relevanssi_related_not_related":"","_relevanssi_related_posts":"","_relevanssi_noindex_reason":"","inline_featured_image":false,"footnotes":""},"class_list":["post-221","page","type-page","status-publish","hentry"],"acf":[],"yoast_head":"<!-- This site is optimized with the Yoast SEO plugin v27.2 - https:\/\/yoast.com\/product\/yoast-seo-wordpress\/ -->\n<title>Demandez une soumission pour votre projet Tuyau Bulle\u00ae<\/title>\n<meta name=\"description\" content=\"Demandez une soumission \u00e0 notre \u00e9quipe pour votre projet de Tuyau Bulle\u00ae. Nos formulaires facile \u00e0 remplir permettent une analyse rapide.\" \/>\n<meta name=\"robots\" content=\"index, follow, max-snippet:-1, max-image-preview:large, max-video-preview:-1\" \/>\n<link rel=\"canonical\" href=\"https:\/\/bubbletubing.com\/fr\/demandez-une-soumission\/\" \/>\n<meta property=\"og:locale\" content=\"fr_CA\" \/>\n<meta property=\"og:type\" content=\"article\" \/>\n<meta property=\"og:title\" content=\"Demandez une soumission pour votre projet Tuyau Bulle\u00ae\" \/>\n<meta property=\"og:description\" content=\"Demandez une soumission \u00e0 notre \u00e9quipe pour votre projet de Tuyau Bulle\u00ae. Nos formulaires facile \u00e0 remplir permettent une analyse rapide.\" \/>\n<meta property=\"og:url\" content=\"https:\/\/bubbletubing.com\/fr\/demandez-une-soumission\/\" \/>\n<meta property=\"og:site_name\" content=\"Bubble Tubing\" \/>\n<meta property=\"article:modified_time\" content=\"2023-01-13T17:13:09+00:00\" \/>\n<meta name=\"twitter:card\" content=\"summary_large_image\" \/>\n<script type=\"application\/ld+json\" class=\"yoast-schema-graph\">{\"@context\":\"https:\/\/schema.org\",\"@graph\":[{\"@type\":\"WebPage\",\"@id\":\"https:\/\/bubbletubing.com\/fr\/demandez-une-soumission\/\",\"url\":\"https:\/\/bubbletubing.com\/fr\/demandez-une-soumission\/\",\"name\":\"Demandez une soumission pour votre projet Tuyau Bulle\u00ae\",\"isPartOf\":{\"@id\":\"https:\/\/bubbletubing.com\/fr\/#website\"},\"datePublished\":\"2020-02-25T21:18:49+00:00\",\"dateModified\":\"2023-01-13T17:13:09+00:00\",\"description\":\"Demandez une soumission \u00e0 notre \u00e9quipe pour votre projet de Tuyau Bulle\u00ae. Nos formulaires facile \u00e0 remplir permettent une analyse rapide.\",\"breadcrumb\":{\"@id\":\"https:\/\/bubbletubing.com\/fr\/demandez-une-soumission\/#breadcrumb\"},\"inLanguage\":\"fr-CA\",\"potentialAction\":[{\"@type\":\"ReadAction\",\"target\":[\"https:\/\/bubbletubing.com\/fr\/demandez-une-soumission\/\"]}]},{\"@type\":\"BreadcrumbList\",\"@id\":\"https:\/\/bubbletubing.com\/fr\/demandez-une-soumission\/#breadcrumb\",\"itemListElement\":[{\"@type\":\"ListItem\",\"position\":1,\"name\":\"Home\",\"item\":\"https:\/\/bubbletubing.com\/fr\/\"},{\"@type\":\"ListItem\",\"position\":2,\"name\":\"Demandez une soumission\"}]},{\"@type\":\"WebSite\",\"@id\":\"https:\/\/bubbletubing.com\/fr\/#website\",\"url\":\"https:\/\/bubbletubing.com\/fr\/\",\"name\":\"Bubble Tubing\",\"description\":\"Barri\u00e8re de bulles, d\u00e9gla\u00e7age, a\u00e9ration\",\"potentialAction\":[{\"@type\":\"SearchAction\",\"target\":{\"@type\":\"EntryPoint\",\"urlTemplate\":\"https:\/\/bubbletubing.com\/fr\/?s={search_term_string}\"},\"query-input\":{\"@type\":\"PropertyValueSpecification\",\"valueRequired\":true,\"valueName\":\"search_term_string\"}}],\"inLanguage\":\"fr-CA\"}]}<\/script>\n<!-- \/ Yoast SEO plugin. -->","yoast_head_json":{"title":"Demandez une soumission pour votre projet Tuyau Bulle\u00ae","description":"Demandez une soumission \u00e0 notre \u00e9quipe pour votre projet de Tuyau Bulle\u00ae. Nos formulaires facile \u00e0 remplir permettent une analyse rapide.","robots":{"index":"index","follow":"follow","max-snippet":"max-snippet:-1","max-image-preview":"max-image-preview:large","max-video-preview":"max-video-preview:-1"},"canonical":"https:\/\/bubbletubing.com\/fr\/demandez-une-soumission\/","og_locale":"fr_CA","og_type":"article","og_title":"Demandez une soumission pour votre projet Tuyau Bulle\u00ae","og_description":"Demandez une soumission \u00e0 notre \u00e9quipe pour votre projet de Tuyau Bulle\u00ae. Nos formulaires facile \u00e0 remplir permettent une analyse rapide.","og_url":"https:\/\/bubbletubing.com\/fr\/demandez-une-soumission\/","og_site_name":"Bubble Tubing","article_modified_time":"2023-01-13T17:13:09+00:00","twitter_card":"summary_large_image","schema":{"@context":"https:\/\/schema.org","@graph":[{"@type":"WebPage","@id":"https:\/\/bubbletubing.com\/fr\/demandez-une-soumission\/","url":"https:\/\/bubbletubing.com\/fr\/demandez-une-soumission\/","name":"Demandez une soumission pour votre projet Tuyau Bulle\u00ae","isPartOf":{"@id":"https:\/\/bubbletubing.com\/fr\/#website"},"datePublished":"2020-02-25T21:18:49+00:00","dateModified":"2023-01-13T17:13:09+00:00","description":"Demandez une soumission \u00e0 notre \u00e9quipe pour votre projet de Tuyau Bulle\u00ae. Nos formulaires facile \u00e0 remplir permettent une analyse rapide.","breadcrumb":{"@id":"https:\/\/bubbletubing.com\/fr\/demandez-une-soumission\/#breadcrumb"},"inLanguage":"fr-CA","potentialAction":[{"@type":"ReadAction","target":["https:\/\/bubbletubing.com\/fr\/demandez-une-soumission\/"]}]},{"@type":"BreadcrumbList","@id":"https:\/\/bubbletubing.com\/fr\/demandez-une-soumission\/#breadcrumb","itemListElement":[{"@type":"ListItem","position":1,"name":"Home","item":"https:\/\/bubbletubing.com\/fr\/"},{"@type":"ListItem","position":2,"name":"Demandez une soumission"}]},{"@type":"WebSite","@id":"https:\/\/bubbletubing.com\/fr\/#website","url":"https:\/\/bubbletubing.com\/fr\/","name":"Bubble Tubing","description":"Barri\u00e8re de bulles, d\u00e9gla\u00e7age, a\u00e9ration","potentialAction":[{"@type":"SearchAction","target":{"@type":"EntryPoint","urlTemplate":"https:\/\/bubbletubing.com\/fr\/?s={search_term_string}"},"query-input":{"@type":"PropertyValueSpecification","valueRequired":true,"valueName":"search_term_string"}}],"inLanguage":"fr-CA"}]}},"_links":{"self":[{"href":"https:\/\/bubbletubing.com\/fr\/wp-json\/wp\/v2\/pages\/221","targetHints":{"allow":["GET"]}}],"collection":[{"href":"https:\/\/bubbletubing.com\/fr\/wp-json\/wp\/v2\/pages"}],"about":[{"href":"https:\/\/bubbletubing.com\/fr\/wp-json\/wp\/v2\/types\/page"}],"author":[{"embeddable":true,"href":"https:\/\/bubbletubing.com\/fr\/wp-json\/wp\/v2\/users\/1"}],"replies":[{"embeddable":true,"href":"https:\/\/bubbletubing.com\/fr\/wp-json\/wp\/v2\/comments?post=221"}],"version-history":[{"count":0,"href":"https:\/\/bubbletubing.com\/fr\/wp-json\/wp\/v2\/pages\/221\/revisions"}],"wp:attachment":[{"href":"https:\/\/bubbletubing.com\/fr\/wp-json\/wp\/v2\/media?parent=221"}],"curies":[{"name":"wp","href":"https:\/\/api.w.org\/{rel}","templated":true}]}}