{"id":230,"date":"2020-02-25T16:29:50","date_gmt":"2020-02-25T21:29:50","guid":{"rendered":"http:\/\/localhost:8888\/bubble-tubing\/?page_id=230"},"modified":"2025-10-22T12:38:12","modified_gmt":"2025-10-22T16:38:12","slug":"rideau-de-bulles-tuyau-bulle","status":"publish","type":"page","link":"https:\/\/bubbletubing.com\/fr\/les-solutions-du-tuyau-bulle\/rideau-de-bulles-tuyau-bulle\/","title":{"rendered":"Rideau de bulles"},"content":{"rendered":"","protected":false},"excerpt":{"rendered":"","protected":false},"author":1,"featured_media":0,"parent":207,"menu_order":0,"comment_status":"closed","ping_status":"closed","template":"pages\/page-solution.php","meta":{"_acf_changed":false,"_relevanssi_hide_post":"","_relevanssi_hide_content":"","_relevanssi_pin_for_all":"","_relevanssi_pin_keywords":"","_relevanssi_unpin_keywords":"","_relevanssi_related_keywords":"","_relevanssi_related_include_ids":"","_relevanssi_related_exclude_ids":"","_relevanssi_related_no_append":"","_relevanssi_related_not_related":"","_relevanssi_related_posts":"","_relevanssi_noindex_reason":"","inline_featured_image":false,"footnotes":""},"class_list":["post-230","page","type-page","status-publish","hentry"],"acf":[],"yoast_head":"<!-- This site is optimized with the Yoast SEO plugin v27.2 - https:\/\/yoast.com\/product\/yoast-seo-wordpress\/ -->\n<title>Le rideau de bulles Tuyau Bulle\u00ae. - D\u00e9couvrez les applications possibles<\/title>\n<meta name=\"description\" content=\"Le rideau de bulles Tuyau Bulle\u00ae sont efficaces pour contr\u00f4ler des s\u00e9diments, hydrocarbures, d\u00e9bris, plastiques, algues et bruits sonores\" \/>\n<meta name=\"robots\" content=\"index, follow, max-snippet:-1, max-image-preview:large, max-video-preview:-1\" \/>\n<link rel=\"canonical\" href=\"https:\/\/bubbletubing.com\/fr\/les-solutions-du-tuyau-bulle\/rideau-de-bulles-tuyau-bulle\/\" \/>\n<meta property=\"og:locale\" content=\"fr_CA\" \/>\n<meta property=\"og:type\" content=\"article\" \/>\n<meta property=\"og:title\" content=\"Le rideau de bulles Tuyau Bulle\u00ae. - D\u00e9couvrez les applications possibles\" \/>\n<meta property=\"og:description\" content=\"Le rideau de bulles Tuyau Bulle\u00ae sont efficaces pour contr\u00f4ler des s\u00e9diments, hydrocarbures, d\u00e9bris, plastiques, algues et bruits sonores\" \/>\n<meta property=\"og:url\" content=\"https:\/\/bubbletubing.com\/fr\/les-solutions-du-tuyau-bulle\/rideau-de-bulles-tuyau-bulle\/\" \/>\n<meta property=\"og:site_name\" content=\"Bubble Tubing\" \/>\n<meta property=\"article:modified_time\" content=\"2025-10-22T16:38:12+00:00\" \/>\n<meta name=\"twitter:card\" content=\"summary_large_image\" \/>\n<script type=\"application\/ld+json\" class=\"yoast-schema-graph\">{\"@context\":\"https:\/\/schema.org\",\"@graph\":[{\"@type\":\"WebPage\",\"@id\":\"https:\/\/bubbletubing.com\/fr\/les-solutions-du-tuyau-bulle\/rideau-de-bulles-tuyau-bulle\/\",\"url\":\"https:\/\/bubbletubing.com\/fr\/les-solutions-du-tuyau-bulle\/rideau-de-bulles-tuyau-bulle\/\",\"name\":\"Le rideau de bulles Tuyau Bulle\u00ae. - D\u00e9couvrez les applications possibles\",\"isPartOf\":{\"@id\":\"https:\/\/bubbletubing.com\/fr\/#website\"},\"datePublished\":\"2020-02-25T21:29:50+00:00\",\"dateModified\":\"2025-10-22T16:38:12+00:00\",\"description\":\"Le rideau de bulles Tuyau Bulle\u00ae sont efficaces pour contr\u00f4ler des s\u00e9diments, hydrocarbures, d\u00e9bris, plastiques, algues et bruits sonores\",\"breadcrumb\":{\"@id\":\"https:\/\/bubbletubing.com\/fr\/les-solutions-du-tuyau-bulle\/rideau-de-bulles-tuyau-bulle\/#breadcrumb\"},\"inLanguage\":\"fr-CA\",\"potentialAction\":[{\"@type\":\"ReadAction\",\"target\":[\"https:\/\/bubbletubing.com\/fr\/les-solutions-du-tuyau-bulle\/rideau-de-bulles-tuyau-bulle\/\"]}]},{\"@type\":\"BreadcrumbList\",\"@id\":\"https:\/\/bubbletubing.com\/fr\/les-solutions-du-tuyau-bulle\/rideau-de-bulles-tuyau-bulle\/#breadcrumb\",\"itemListElement\":[{\"@type\":\"ListItem\",\"position\":1,\"name\":\"Home\",\"item\":\"https:\/\/bubbletubing.com\/fr\/\"},{\"@type\":\"ListItem\",\"position\":2,\"name\":\"Les Solutions du Tuyau Bulle\u00ae\",\"item\":\"https:\/\/bubbletubing.com\/fr\/les-solutions-du-tuyau-bulle\/\"},{\"@type\":\"ListItem\",\"position\":3,\"name\":\"Rideau de bulles\"}]},{\"@type\":\"WebSite\",\"@id\":\"https:\/\/bubbletubing.com\/fr\/#website\",\"url\":\"https:\/\/bubbletubing.com\/fr\/\",\"name\":\"Bubble Tubing\",\"description\":\"Barri\u00e8re de bulles, d\u00e9gla\u00e7age, a\u00e9ration\",\"potentialAction\":[{\"@type\":\"SearchAction\",\"target\":{\"@type\":\"EntryPoint\",\"urlTemplate\":\"https:\/\/bubbletubing.com\/fr\/?s={search_term_string}\"},\"query-input\":{\"@type\":\"PropertyValueSpecification\",\"valueRequired\":true,\"valueName\":\"search_term_string\"}}],\"inLanguage\":\"fr-CA\"}]}<\/script>\n<!-- \/ Yoast SEO plugin. -->","yoast_head_json":{"title":"Le rideau de bulles Tuyau Bulle\u00ae. - D\u00e9couvrez les applications possibles","description":"Le rideau de bulles Tuyau Bulle\u00ae sont efficaces pour contr\u00f4ler des s\u00e9diments, hydrocarbures, d\u00e9bris, plastiques, algues et bruits sonores","robots":{"index":"index","follow":"follow","max-snippet":"max-snippet:-1","max-image-preview":"max-image-preview:large","max-video-preview":"max-video-preview:-1"},"canonical":"https:\/\/bubbletubing.com\/fr\/les-solutions-du-tuyau-bulle\/rideau-de-bulles-tuyau-bulle\/","og_locale":"fr_CA","og_type":"article","og_title":"Le rideau de bulles Tuyau Bulle\u00ae. - D\u00e9couvrez les applications possibles","og_description":"Le rideau de bulles Tuyau Bulle\u00ae sont efficaces pour contr\u00f4ler des s\u00e9diments, hydrocarbures, d\u00e9bris, plastiques, algues et bruits sonores","og_url":"https:\/\/bubbletubing.com\/fr\/les-solutions-du-tuyau-bulle\/rideau-de-bulles-tuyau-bulle\/","og_site_name":"Bubble Tubing","article_modified_time":"2025-10-22T16:38:12+00:00","twitter_card":"summary_large_image","schema":{"@context":"https:\/\/schema.org","@graph":[{"@type":"WebPage","@id":"https:\/\/bubbletubing.com\/fr\/les-solutions-du-tuyau-bulle\/rideau-de-bulles-tuyau-bulle\/","url":"https:\/\/bubbletubing.com\/fr\/les-solutions-du-tuyau-bulle\/rideau-de-bulles-tuyau-bulle\/","name":"Le rideau de bulles Tuyau Bulle\u00ae. - D\u00e9couvrez les applications possibles","isPartOf":{"@id":"https:\/\/bubbletubing.com\/fr\/#website"},"datePublished":"2020-02-25T21:29:50+00:00","dateModified":"2025-10-22T16:38:12+00:00","description":"Le rideau de bulles Tuyau Bulle\u00ae sont efficaces pour contr\u00f4ler des s\u00e9diments, hydrocarbures, d\u00e9bris, plastiques, algues et bruits sonores","breadcrumb":{"@id":"https:\/\/bubbletubing.com\/fr\/les-solutions-du-tuyau-bulle\/rideau-de-bulles-tuyau-bulle\/#breadcrumb"},"inLanguage":"fr-CA","potentialAction":[{"@type":"ReadAction","target":["https:\/\/bubbletubing.com\/fr\/les-solutions-du-tuyau-bulle\/rideau-de-bulles-tuyau-bulle\/"]}]},{"@type":"BreadcrumbList","@id":"https:\/\/bubbletubing.com\/fr\/les-solutions-du-tuyau-bulle\/rideau-de-bulles-tuyau-bulle\/#breadcrumb","itemListElement":[{"@type":"ListItem","position":1,"name":"Home","item":"https:\/\/bubbletubing.com\/fr\/"},{"@type":"ListItem","position":2,"name":"Les Solutions du Tuyau Bulle\u00ae","item":"https:\/\/bubbletubing.com\/fr\/les-solutions-du-tuyau-bulle\/"},{"@type":"ListItem","position":3,"name":"Rideau de bulles"}]},{"@type":"WebSite","@id":"https:\/\/bubbletubing.com\/fr\/#website","url":"https:\/\/bubbletubing.com\/fr\/","name":"Bubble Tubing","description":"Barri\u00e8re de bulles, d\u00e9gla\u00e7age, a\u00e9ration","potentialAction":[{"@type":"SearchAction","target":{"@type":"EntryPoint","urlTemplate":"https:\/\/bubbletubing.com\/fr\/?s={search_term_string}"},"query-input":{"@type":"PropertyValueSpecification","valueRequired":true,"valueName":"search_term_string"}}],"inLanguage":"fr-CA"}]}},"_links":{"self":[{"href":"https:\/\/bubbletubing.com\/fr\/wp-json\/wp\/v2\/pages\/230","targetHints":{"allow":["GET"]}}],"collection":[{"href":"https:\/\/bubbletubing.com\/fr\/wp-json\/wp\/v2\/pages"}],"about":[{"href":"https:\/\/bubbletubing.com\/fr\/wp-json\/wp\/v2\/types\/page"}],"author":[{"embeddable":true,"href":"https:\/\/bubbletubing.com\/fr\/wp-json\/wp\/v2\/users\/1"}],"replies":[{"embeddable":true,"href":"https:\/\/bubbletubing.com\/fr\/wp-json\/wp\/v2\/comments?post=230"}],"version-history":[{"count":2,"href":"https:\/\/bubbletubing.com\/fr\/wp-json\/wp\/v2\/pages\/230\/revisions"}],"predecessor-version":[{"id":13445,"href":"https:\/\/bubbletubing.com\/fr\/wp-json\/wp\/v2\/pages\/230\/revisions\/13445"}],"up":[{"embeddable":true,"href":"https:\/\/bubbletubing.com\/fr\/wp-json\/wp\/v2\/pages\/207"}],"wp:attachment":[{"href":"https:\/\/bubbletubing.com\/fr\/wp-json\/wp\/v2\/media?parent=230"}],"curies":[{"name":"wp","href":"https:\/\/api.w.org\/{rel}","templated":true}]}}