{"id":241,"date":"2020-02-25T16:43:45","date_gmt":"2020-02-25T21:43:45","guid":{"rendered":"http:\/\/localhost:8888\/bubble-tubing\/?page_id=241"},"modified":"2025-10-22T14:21:04","modified_gmt":"2025-10-22T18:21:04","slug":"innovation-et-developpement-tuyau-bulle","status":"publish","type":"page","link":"https:\/\/bubbletubing.com\/fr\/les-solutions-du-tuyau-bulle\/innovation-et-developpement-tuyau-bulle\/","title":{"rendered":"Innovation et d\u00e9veloppement"},"content":{"rendered":"","protected":false},"excerpt":{"rendered":"","protected":false},"author":1,"featured_media":0,"parent":207,"menu_order":30,"comment_status":"closed","ping_status":"closed","template":"pages\/page-solution.php","meta":{"_acf_changed":false,"_relevanssi_hide_post":"","_relevanssi_hide_content":"","_relevanssi_pin_for_all":"","_relevanssi_pin_keywords":"","_relevanssi_unpin_keywords":"","_relevanssi_related_keywords":"","_relevanssi_related_include_ids":"","_relevanssi_related_exclude_ids":"","_relevanssi_related_no_append":"","_relevanssi_related_not_related":"","_relevanssi_related_posts":"","_relevanssi_noindex_reason":"","inline_featured_image":false,"footnotes":""},"class_list":["post-241","page","type-page","status-publish","hentry"],"acf":[],"yoast_head":"<!-- This site is optimized with the Yoast SEO plugin v27.2 - https:\/\/yoast.com\/product\/yoast-seo-wordpress\/ -->\n<title>L&#039;innovation et d\u00e9veloppement - Tuyau Bulle\u00ae diffusion lin\u00e9aire<\/title>\n<meta name=\"description\" content=\"Innovation et d\u00e9veloppement - Tuyau Bulle\u00ae permet de vous offrir des solutions innovantes qui ont \u00e9t\u00e9 r\u00e9fl\u00e9chies et valid\u00e9es par des \u00e9tudes.\" \/>\n<meta name=\"robots\" content=\"index, follow, max-snippet:-1, max-image-preview:large, max-video-preview:-1\" \/>\n<link rel=\"canonical\" href=\"https:\/\/bubbletubing.com\/fr\/les-solutions-du-tuyau-bulle\/innovation-et-developpement-tuyau-bulle\/\" \/>\n<meta property=\"og:locale\" content=\"fr_CA\" \/>\n<meta property=\"og:type\" content=\"article\" \/>\n<meta property=\"og:title\" content=\"L&#039;innovation et d\u00e9veloppement - Tuyau Bulle\u00ae diffusion lin\u00e9aire\" \/>\n<meta property=\"og:description\" content=\"Innovation et d\u00e9veloppement - Tuyau Bulle\u00ae permet de vous offrir des solutions innovantes qui ont \u00e9t\u00e9 r\u00e9fl\u00e9chies et valid\u00e9es par des \u00e9tudes.\" \/>\n<meta property=\"og:url\" content=\"https:\/\/bubbletubing.com\/fr\/les-solutions-du-tuyau-bulle\/innovation-et-developpement-tuyau-bulle\/\" \/>\n<meta property=\"og:site_name\" content=\"Bubble Tubing\" \/>\n<meta property=\"article:modified_time\" content=\"2025-10-22T18:21:04+00:00\" \/>\n<meta name=\"twitter:card\" content=\"summary_large_image\" \/>\n<script type=\"application\/ld+json\" class=\"yoast-schema-graph\">{\"@context\":\"https:\/\/schema.org\",\"@graph\":[{\"@type\":\"WebPage\",\"@id\":\"https:\/\/bubbletubing.com\/fr\/les-solutions-du-tuyau-bulle\/innovation-et-developpement-tuyau-bulle\/\",\"url\":\"https:\/\/bubbletubing.com\/fr\/les-solutions-du-tuyau-bulle\/innovation-et-developpement-tuyau-bulle\/\",\"name\":\"L'innovation et d\u00e9veloppement - Tuyau Bulle\u00ae diffusion lin\u00e9aire\",\"isPartOf\":{\"@id\":\"https:\/\/bubbletubing.com\/fr\/#website\"},\"datePublished\":\"2020-02-25T21:43:45+00:00\",\"dateModified\":\"2025-10-22T18:21:04+00:00\",\"description\":\"Innovation et d\u00e9veloppement - Tuyau Bulle\u00ae permet de vous offrir des solutions innovantes qui ont \u00e9t\u00e9 r\u00e9fl\u00e9chies et valid\u00e9es par des \u00e9tudes.\",\"breadcrumb\":{\"@id\":\"https:\/\/bubbletubing.com\/fr\/les-solutions-du-tuyau-bulle\/innovation-et-developpement-tuyau-bulle\/#breadcrumb\"},\"inLanguage\":\"fr-CA\",\"potentialAction\":[{\"@type\":\"ReadAction\",\"target\":[\"https:\/\/bubbletubing.com\/fr\/les-solutions-du-tuyau-bulle\/innovation-et-developpement-tuyau-bulle\/\"]}]},{\"@type\":\"BreadcrumbList\",\"@id\":\"https:\/\/bubbletubing.com\/fr\/les-solutions-du-tuyau-bulle\/innovation-et-developpement-tuyau-bulle\/#breadcrumb\",\"itemListElement\":[{\"@type\":\"ListItem\",\"position\":1,\"name\":\"Home\",\"item\":\"https:\/\/bubbletubing.com\/fr\/\"},{\"@type\":\"ListItem\",\"position\":2,\"name\":\"Les Solutions du Tuyau Bulle\u00ae\",\"item\":\"https:\/\/bubbletubing.com\/fr\/les-solutions-du-tuyau-bulle\/\"},{\"@type\":\"ListItem\",\"position\":3,\"name\":\"Innovation et d\u00e9veloppement\"}]},{\"@type\":\"WebSite\",\"@id\":\"https:\/\/bubbletubing.com\/fr\/#website\",\"url\":\"https:\/\/bubbletubing.com\/fr\/\",\"name\":\"Bubble Tubing\",\"description\":\"Barri\u00e8re de bulles, d\u00e9gla\u00e7age, a\u00e9ration\",\"potentialAction\":[{\"@type\":\"SearchAction\",\"target\":{\"@type\":\"EntryPoint\",\"urlTemplate\":\"https:\/\/bubbletubing.com\/fr\/?s={search_term_string}\"},\"query-input\":{\"@type\":\"PropertyValueSpecification\",\"valueRequired\":true,\"valueName\":\"search_term_string\"}}],\"inLanguage\":\"fr-CA\"}]}<\/script>\n<!-- \/ Yoast SEO plugin. -->","yoast_head_json":{"title":"L'innovation et d\u00e9veloppement - Tuyau Bulle\u00ae diffusion lin\u00e9aire","description":"Innovation et d\u00e9veloppement - Tuyau Bulle\u00ae permet de vous offrir des solutions innovantes qui ont \u00e9t\u00e9 r\u00e9fl\u00e9chies et valid\u00e9es par des \u00e9tudes.","robots":{"index":"index","follow":"follow","max-snippet":"max-snippet:-1","max-image-preview":"max-image-preview:large","max-video-preview":"max-video-preview:-1"},"canonical":"https:\/\/bubbletubing.com\/fr\/les-solutions-du-tuyau-bulle\/innovation-et-developpement-tuyau-bulle\/","og_locale":"fr_CA","og_type":"article","og_title":"L'innovation et d\u00e9veloppement - Tuyau Bulle\u00ae diffusion lin\u00e9aire","og_description":"Innovation et d\u00e9veloppement - Tuyau Bulle\u00ae permet de vous offrir des solutions innovantes qui ont \u00e9t\u00e9 r\u00e9fl\u00e9chies et valid\u00e9es par des \u00e9tudes.","og_url":"https:\/\/bubbletubing.com\/fr\/les-solutions-du-tuyau-bulle\/innovation-et-developpement-tuyau-bulle\/","og_site_name":"Bubble Tubing","article_modified_time":"2025-10-22T18:21:04+00:00","twitter_card":"summary_large_image","schema":{"@context":"https:\/\/schema.org","@graph":[{"@type":"WebPage","@id":"https:\/\/bubbletubing.com\/fr\/les-solutions-du-tuyau-bulle\/innovation-et-developpement-tuyau-bulle\/","url":"https:\/\/bubbletubing.com\/fr\/les-solutions-du-tuyau-bulle\/innovation-et-developpement-tuyau-bulle\/","name":"L'innovation et d\u00e9veloppement - Tuyau Bulle\u00ae diffusion lin\u00e9aire","isPartOf":{"@id":"https:\/\/bubbletubing.com\/fr\/#website"},"datePublished":"2020-02-25T21:43:45+00:00","dateModified":"2025-10-22T18:21:04+00:00","description":"Innovation et d\u00e9veloppement - Tuyau Bulle\u00ae permet de vous offrir des solutions innovantes qui ont \u00e9t\u00e9 r\u00e9fl\u00e9chies et valid\u00e9es par des \u00e9tudes.","breadcrumb":{"@id":"https:\/\/bubbletubing.com\/fr\/les-solutions-du-tuyau-bulle\/innovation-et-developpement-tuyau-bulle\/#breadcrumb"},"inLanguage":"fr-CA","potentialAction":[{"@type":"ReadAction","target":["https:\/\/bubbletubing.com\/fr\/les-solutions-du-tuyau-bulle\/innovation-et-developpement-tuyau-bulle\/"]}]},{"@type":"BreadcrumbList","@id":"https:\/\/bubbletubing.com\/fr\/les-solutions-du-tuyau-bulle\/innovation-et-developpement-tuyau-bulle\/#breadcrumb","itemListElement":[{"@type":"ListItem","position":1,"name":"Home","item":"https:\/\/bubbletubing.com\/fr\/"},{"@type":"ListItem","position":2,"name":"Les Solutions du Tuyau Bulle\u00ae","item":"https:\/\/bubbletubing.com\/fr\/les-solutions-du-tuyau-bulle\/"},{"@type":"ListItem","position":3,"name":"Innovation et d\u00e9veloppement"}]},{"@type":"WebSite","@id":"https:\/\/bubbletubing.com\/fr\/#website","url":"https:\/\/bubbletubing.com\/fr\/","name":"Bubble Tubing","description":"Barri\u00e8re de bulles, d\u00e9gla\u00e7age, a\u00e9ration","potentialAction":[{"@type":"SearchAction","target":{"@type":"EntryPoint","urlTemplate":"https:\/\/bubbletubing.com\/fr\/?s={search_term_string}"},"query-input":{"@type":"PropertyValueSpecification","valueRequired":true,"valueName":"search_term_string"}}],"inLanguage":"fr-CA"}]}},"_links":{"self":[{"href":"https:\/\/bubbletubing.com\/fr\/wp-json\/wp\/v2\/pages\/241","targetHints":{"allow":["GET"]}}],"collection":[{"href":"https:\/\/bubbletubing.com\/fr\/wp-json\/wp\/v2\/pages"}],"about":[{"href":"https:\/\/bubbletubing.com\/fr\/wp-json\/wp\/v2\/types\/page"}],"author":[{"embeddable":true,"href":"https:\/\/bubbletubing.com\/fr\/wp-json\/wp\/v2\/users\/1"}],"replies":[{"embeddable":true,"href":"https:\/\/bubbletubing.com\/fr\/wp-json\/wp\/v2\/comments?post=241"}],"version-history":[{"count":1,"href":"https:\/\/bubbletubing.com\/fr\/wp-json\/wp\/v2\/pages\/241\/revisions"}],"predecessor-version":[{"id":13465,"href":"https:\/\/bubbletubing.com\/fr\/wp-json\/wp\/v2\/pages\/241\/revisions\/13465"}],"up":[{"embeddable":true,"href":"https:\/\/bubbletubing.com\/fr\/wp-json\/wp\/v2\/pages\/207"}],"wp:attachment":[{"href":"https:\/\/bubbletubing.com\/fr\/wp-json\/wp\/v2\/media?parent=241"}],"curies":[{"name":"wp","href":"https:\/\/api.w.org\/{rel}","templated":true}]}}