{"id":4203,"date":"2021-09-15T15:44:51","date_gmt":"2021-09-15T19:44:51","guid":{"rendered":"https:\/\/bubbletubing.com\/?page_id=4203"},"modified":"2026-02-18T08:35:14","modified_gmt":"2026-02-18T13:35:14","slug":"aeration-en-aquaculture","status":"publish","type":"page","link":"https:\/\/bubbletubing.com\/fr\/les-solutions-du-tuyau-bulle\/aeration-diffuseur-tuyau-bulle\/aeration-en-aquaculture\/","title":{"rendered":"A\u00e9ration en aquaculture"},"content":{"rendered":"","protected":false},"excerpt":{"rendered":"","protected":false},"author":8,"featured_media":0,"parent":238,"menu_order":0,"comment_status":"closed","ping_status":"closed","template":"pages\/page-application.php","meta":{"_acf_changed":false,"_relevanssi_hide_post":"","_relevanssi_hide_content":"","_relevanssi_pin_for_all":"","_relevanssi_pin_keywords":"","_relevanssi_unpin_keywords":"","_relevanssi_related_keywords":"","_relevanssi_related_include_ids":"","_relevanssi_related_exclude_ids":"","_relevanssi_related_no_append":"","_relevanssi_related_not_related":"","_relevanssi_related_posts":"","_relevanssi_noindex_reason":"","inline_featured_image":false,"footnotes":""},"class_list":["post-4203","page","type-page","status-publish","hentry"],"acf":[],"yoast_head":"<!-- This site is optimized with the Yoast SEO plugin v27.2 - https:\/\/yoast.com\/product\/yoast-seo-wordpress\/ -->\n<title>A\u00e9ration en aquaculture - Bubble Tubing<\/title>\n<meta name=\"robots\" content=\"index, follow, max-snippet:-1, max-image-preview:large, max-video-preview:-1\" \/>\n<link rel=\"canonical\" href=\"https:\/\/bubbletubing.com\/fr\/les-solutions-du-tuyau-bulle\/aeration-diffuseur-tuyau-bulle\/aeration-en-aquaculture\/\" \/>\n<meta property=\"og:locale\" content=\"fr_CA\" \/>\n<meta property=\"og:type\" content=\"article\" \/>\n<meta property=\"og:title\" content=\"A\u00e9ration en aquaculture - Bubble Tubing\" \/>\n<meta property=\"og:url\" content=\"https:\/\/bubbletubing.com\/fr\/les-solutions-du-tuyau-bulle\/aeration-diffuseur-tuyau-bulle\/aeration-en-aquaculture\/\" \/>\n<meta property=\"og:site_name\" content=\"Bubble Tubing\" \/>\n<meta property=\"article:modified_time\" content=\"2026-02-18T13:35:14+00:00\" \/>\n<meta name=\"twitter:card\" content=\"summary_large_image\" \/>\n<script type=\"application\/ld+json\" class=\"yoast-schema-graph\">{\"@context\":\"https:\/\/schema.org\",\"@graph\":[{\"@type\":\"WebPage\",\"@id\":\"https:\/\/bubbletubing.com\/fr\/les-solutions-du-tuyau-bulle\/aeration-diffuseur-tuyau-bulle\/aeration-en-aquaculture\/\",\"url\":\"https:\/\/bubbletubing.com\/fr\/les-solutions-du-tuyau-bulle\/aeration-diffuseur-tuyau-bulle\/aeration-en-aquaculture\/\",\"name\":\"A\u00e9ration en aquaculture - Bubble Tubing\",\"isPartOf\":{\"@id\":\"https:\/\/bubbletubing.com\/fr\/#website\"},\"datePublished\":\"2021-09-15T19:44:51+00:00\",\"dateModified\":\"2026-02-18T13:35:14+00:00\",\"breadcrumb\":{\"@id\":\"https:\/\/bubbletubing.com\/fr\/les-solutions-du-tuyau-bulle\/aeration-diffuseur-tuyau-bulle\/aeration-en-aquaculture\/#breadcrumb\"},\"inLanguage\":\"fr-CA\",\"potentialAction\":[{\"@type\":\"ReadAction\",\"target\":[\"https:\/\/bubbletubing.com\/fr\/les-solutions-du-tuyau-bulle\/aeration-diffuseur-tuyau-bulle\/aeration-en-aquaculture\/\"]}]},{\"@type\":\"BreadcrumbList\",\"@id\":\"https:\/\/bubbletubing.com\/fr\/les-solutions-du-tuyau-bulle\/aeration-diffuseur-tuyau-bulle\/aeration-en-aquaculture\/#breadcrumb\",\"itemListElement\":[{\"@type\":\"ListItem\",\"position\":1,\"name\":\"Home\",\"item\":\"https:\/\/bubbletubing.com\/fr\/\"},{\"@type\":\"ListItem\",\"position\":2,\"name\":\"Les Solutions du Tuyau Bulle\u00ae\",\"item\":\"https:\/\/bubbletubing.com\/fr\/les-solutions-du-tuyau-bulle\/\"},{\"@type\":\"ListItem\",\"position\":3,\"name\":\"A\u00e9ration\",\"item\":\"https:\/\/bubbletubing.com\/fr\/les-solutions-du-tuyau-bulle\/aeration-diffuseur-tuyau-bulle\/\"},{\"@type\":\"ListItem\",\"position\":4,\"name\":\"A\u00e9ration en aquaculture\"}]},{\"@type\":\"WebSite\",\"@id\":\"https:\/\/bubbletubing.com\/fr\/#website\",\"url\":\"https:\/\/bubbletubing.com\/fr\/\",\"name\":\"Bubble Tubing\",\"description\":\"Barri\u00e8re de bulles, d\u00e9gla\u00e7age, a\u00e9ration\",\"potentialAction\":[{\"@type\":\"SearchAction\",\"target\":{\"@type\":\"EntryPoint\",\"urlTemplate\":\"https:\/\/bubbletubing.com\/fr\/?s={search_term_string}\"},\"query-input\":{\"@type\":\"PropertyValueSpecification\",\"valueRequired\":true,\"valueName\":\"search_term_string\"}}],\"inLanguage\":\"fr-CA\"}]}<\/script>\n<!-- \/ Yoast SEO plugin. -->","yoast_head_json":{"title":"A\u00e9ration en aquaculture - Bubble Tubing","robots":{"index":"index","follow":"follow","max-snippet":"max-snippet:-1","max-image-preview":"max-image-preview:large","max-video-preview":"max-video-preview:-1"},"canonical":"https:\/\/bubbletubing.com\/fr\/les-solutions-du-tuyau-bulle\/aeration-diffuseur-tuyau-bulle\/aeration-en-aquaculture\/","og_locale":"fr_CA","og_type":"article","og_title":"A\u00e9ration en aquaculture - Bubble Tubing","og_url":"https:\/\/bubbletubing.com\/fr\/les-solutions-du-tuyau-bulle\/aeration-diffuseur-tuyau-bulle\/aeration-en-aquaculture\/","og_site_name":"Bubble Tubing","article_modified_time":"2026-02-18T13:35:14+00:00","twitter_card":"summary_large_image","schema":{"@context":"https:\/\/schema.org","@graph":[{"@type":"WebPage","@id":"https:\/\/bubbletubing.com\/fr\/les-solutions-du-tuyau-bulle\/aeration-diffuseur-tuyau-bulle\/aeration-en-aquaculture\/","url":"https:\/\/bubbletubing.com\/fr\/les-solutions-du-tuyau-bulle\/aeration-diffuseur-tuyau-bulle\/aeration-en-aquaculture\/","name":"A\u00e9ration en aquaculture - Bubble Tubing","isPartOf":{"@id":"https:\/\/bubbletubing.com\/fr\/#website"},"datePublished":"2021-09-15T19:44:51+00:00","dateModified":"2026-02-18T13:35:14+00:00","breadcrumb":{"@id":"https:\/\/bubbletubing.com\/fr\/les-solutions-du-tuyau-bulle\/aeration-diffuseur-tuyau-bulle\/aeration-en-aquaculture\/#breadcrumb"},"inLanguage":"fr-CA","potentialAction":[{"@type":"ReadAction","target":["https:\/\/bubbletubing.com\/fr\/les-solutions-du-tuyau-bulle\/aeration-diffuseur-tuyau-bulle\/aeration-en-aquaculture\/"]}]},{"@type":"BreadcrumbList","@id":"https:\/\/bubbletubing.com\/fr\/les-solutions-du-tuyau-bulle\/aeration-diffuseur-tuyau-bulle\/aeration-en-aquaculture\/#breadcrumb","itemListElement":[{"@type":"ListItem","position":1,"name":"Home","item":"https:\/\/bubbletubing.com\/fr\/"},{"@type":"ListItem","position":2,"name":"Les Solutions du Tuyau Bulle\u00ae","item":"https:\/\/bubbletubing.com\/fr\/les-solutions-du-tuyau-bulle\/"},{"@type":"ListItem","position":3,"name":"A\u00e9ration","item":"https:\/\/bubbletubing.com\/fr\/les-solutions-du-tuyau-bulle\/aeration-diffuseur-tuyau-bulle\/"},{"@type":"ListItem","position":4,"name":"A\u00e9ration en aquaculture"}]},{"@type":"WebSite","@id":"https:\/\/bubbletubing.com\/fr\/#website","url":"https:\/\/bubbletubing.com\/fr\/","name":"Bubble Tubing","description":"Barri\u00e8re de bulles, d\u00e9gla\u00e7age, a\u00e9ration","potentialAction":[{"@type":"SearchAction","target":{"@type":"EntryPoint","urlTemplate":"https:\/\/bubbletubing.com\/fr\/?s={search_term_string}"},"query-input":{"@type":"PropertyValueSpecification","valueRequired":true,"valueName":"search_term_string"}}],"inLanguage":"fr-CA"}]}},"_links":{"self":[{"href":"https:\/\/bubbletubing.com\/fr\/wp-json\/wp\/v2\/pages\/4203","targetHints":{"allow":["GET"]}}],"collection":[{"href":"https:\/\/bubbletubing.com\/fr\/wp-json\/wp\/v2\/pages"}],"about":[{"href":"https:\/\/bubbletubing.com\/fr\/wp-json\/wp\/v2\/types\/page"}],"author":[{"embeddable":true,"href":"https:\/\/bubbletubing.com\/fr\/wp-json\/wp\/v2\/users\/8"}],"replies":[{"embeddable":true,"href":"https:\/\/bubbletubing.com\/fr\/wp-json\/wp\/v2\/comments?post=4203"}],"version-history":[{"count":2,"href":"https:\/\/bubbletubing.com\/fr\/wp-json\/wp\/v2\/pages\/4203\/revisions"}],"predecessor-version":[{"id":13923,"href":"https:\/\/bubbletubing.com\/fr\/wp-json\/wp\/v2\/pages\/4203\/revisions\/13923"}],"up":[{"embeddable":true,"href":"https:\/\/bubbletubing.com\/fr\/wp-json\/wp\/v2\/pages\/238"}],"wp:attachment":[{"href":"https:\/\/bubbletubing.com\/fr\/wp-json\/wp\/v2\/media?parent=4203"}],"curies":[{"name":"wp","href":"https:\/\/api.w.org\/{rel}","templated":true}]}}