{"id":572,"date":"2020-03-06T17:01:27","date_gmt":"2020-03-06T22:01:27","guid":{"rendered":"https:\/\/bubbletubing.com\/?page_id=572"},"modified":"2025-10-22T12:49:51","modified_gmt":"2025-10-22T16:49:51","slug":"attenuation-du-bruit-rideau-de-bulles","status":"publish","type":"page","link":"https:\/\/bubbletubing.com\/fr\/les-solutions-du-tuyau-bulle\/rideau-de-bulles-tuyau-bulle\/attenuation-du-bruit-rideau-de-bulles\/","title":{"rendered":"Att\u00e9nuation du bruit"},"content":{"rendered":"","protected":false},"excerpt":{"rendered":"","protected":false},"author":1,"featured_media":0,"parent":230,"menu_order":0,"comment_status":"closed","ping_status":"closed","template":"pages\/page-application.php","meta":{"_acf_changed":false,"_relevanssi_hide_post":"","_relevanssi_hide_content":"","_relevanssi_pin_for_all":"","_relevanssi_pin_keywords":"","_relevanssi_unpin_keywords":"","_relevanssi_related_keywords":"","_relevanssi_related_include_ids":"","_relevanssi_related_exclude_ids":"","_relevanssi_related_no_append":"","_relevanssi_related_not_related":"","_relevanssi_related_posts":"","_relevanssi_noindex_reason":"","inline_featured_image":false,"footnotes":""},"class_list":["post-572","page","type-page","status-publish","hentry"],"acf":[],"yoast_head":"<!-- This site is optimized with the Yoast SEO plugin v27.2 - https:\/\/yoast.com\/product\/yoast-seo-wordpress\/ -->\n<title>Att\u00e9nuation du bruit - Rideau de bulles avec Bubble Tubing\u00ae<\/title>\n<meta name=\"description\" content=\"Att\u00e9nuation du bruit - Rideau de bulles avec Bubble Tubing\u00ae. Une barri\u00e8re dyphasique att\u00e9nue les ondes sonores n\u00e9phastes pour la faune.\" \/>\n<meta name=\"robots\" content=\"index, follow, max-snippet:-1, max-image-preview:large, max-video-preview:-1\" \/>\n<link rel=\"canonical\" href=\"https:\/\/bubbletubing.com\/fr\/les-solutions-du-tuyau-bulle\/rideau-de-bulles-tuyau-bulle\/attenuation-du-bruit-rideau-de-bulles\/\" \/>\n<meta property=\"og:locale\" content=\"fr_CA\" \/>\n<meta property=\"og:type\" content=\"article\" \/>\n<meta property=\"og:title\" content=\"Att\u00e9nuation du bruit - Rideau de bulles avec Bubble Tubing\u00ae\" \/>\n<meta property=\"og:description\" content=\"Att\u00e9nuation du bruit - Rideau de bulles avec Bubble Tubing\u00ae. Une barri\u00e8re dyphasique att\u00e9nue les ondes sonores n\u00e9phastes pour la faune.\" \/>\n<meta property=\"og:url\" content=\"https:\/\/bubbletubing.com\/fr\/les-solutions-du-tuyau-bulle\/rideau-de-bulles-tuyau-bulle\/attenuation-du-bruit-rideau-de-bulles\/\" \/>\n<meta property=\"og:site_name\" content=\"Bubble Tubing\" \/>\n<meta property=\"article:modified_time\" content=\"2025-10-22T16:49:51+00:00\" \/>\n<meta name=\"twitter:card\" content=\"summary_large_image\" \/>\n<script type=\"application\/ld+json\" class=\"yoast-schema-graph\">{\"@context\":\"https:\/\/schema.org\",\"@graph\":[{\"@type\":\"WebPage\",\"@id\":\"https:\/\/bubbletubing.com\/fr\/les-solutions-du-tuyau-bulle\/rideau-de-bulles-tuyau-bulle\/attenuation-du-bruit-rideau-de-bulles\/\",\"url\":\"https:\/\/bubbletubing.com\/fr\/les-solutions-du-tuyau-bulle\/rideau-de-bulles-tuyau-bulle\/attenuation-du-bruit-rideau-de-bulles\/\",\"name\":\"Att\u00e9nuation du bruit - Rideau de bulles avec Bubble Tubing\u00ae\",\"isPartOf\":{\"@id\":\"https:\/\/bubbletubing.com\/fr\/#website\"},\"datePublished\":\"2020-03-06T22:01:27+00:00\",\"dateModified\":\"2025-10-22T16:49:51+00:00\",\"description\":\"Att\u00e9nuation du bruit - Rideau de bulles avec Bubble Tubing\u00ae. Une barri\u00e8re dyphasique att\u00e9nue les ondes sonores n\u00e9phastes pour la faune.\",\"breadcrumb\":{\"@id\":\"https:\/\/bubbletubing.com\/fr\/les-solutions-du-tuyau-bulle\/rideau-de-bulles-tuyau-bulle\/attenuation-du-bruit-rideau-de-bulles\/#breadcrumb\"},\"inLanguage\":\"fr-CA\",\"potentialAction\":[{\"@type\":\"ReadAction\",\"target\":[\"https:\/\/bubbletubing.com\/fr\/les-solutions-du-tuyau-bulle\/rideau-de-bulles-tuyau-bulle\/attenuation-du-bruit-rideau-de-bulles\/\"]}]},{\"@type\":\"BreadcrumbList\",\"@id\":\"https:\/\/bubbletubing.com\/fr\/les-solutions-du-tuyau-bulle\/rideau-de-bulles-tuyau-bulle\/attenuation-du-bruit-rideau-de-bulles\/#breadcrumb\",\"itemListElement\":[{\"@type\":\"ListItem\",\"position\":1,\"name\":\"Home\",\"item\":\"https:\/\/bubbletubing.com\/fr\/\"},{\"@type\":\"ListItem\",\"position\":2,\"name\":\"Les Solutions du Tuyau Bulle\u00ae\",\"item\":\"https:\/\/bubbletubing.com\/fr\/les-solutions-du-tuyau-bulle\/\"},{\"@type\":\"ListItem\",\"position\":3,\"name\":\"Rideau de bulles\",\"item\":\"https:\/\/bubbletubing.com\/fr\/les-solutions-du-tuyau-bulle\/rideau-de-bulles-tuyau-bulle\/\"},{\"@type\":\"ListItem\",\"position\":4,\"name\":\"Att\u00e9nuation du bruit\"}]},{\"@type\":\"WebSite\",\"@id\":\"https:\/\/bubbletubing.com\/fr\/#website\",\"url\":\"https:\/\/bubbletubing.com\/fr\/\",\"name\":\"Bubble Tubing\",\"description\":\"Barri\u00e8re de bulles, d\u00e9gla\u00e7age, a\u00e9ration\",\"potentialAction\":[{\"@type\":\"SearchAction\",\"target\":{\"@type\":\"EntryPoint\",\"urlTemplate\":\"https:\/\/bubbletubing.com\/fr\/?s={search_term_string}\"},\"query-input\":{\"@type\":\"PropertyValueSpecification\",\"valueRequired\":true,\"valueName\":\"search_term_string\"}}],\"inLanguage\":\"fr-CA\"}]}<\/script>\n<!-- \/ Yoast SEO plugin. -->","yoast_head_json":{"title":"Att\u00e9nuation du bruit - Rideau de bulles avec Bubble Tubing\u00ae","description":"Att\u00e9nuation du bruit - Rideau de bulles avec Bubble Tubing\u00ae. Une barri\u00e8re dyphasique att\u00e9nue les ondes sonores n\u00e9phastes pour la faune.","robots":{"index":"index","follow":"follow","max-snippet":"max-snippet:-1","max-image-preview":"max-image-preview:large","max-video-preview":"max-video-preview:-1"},"canonical":"https:\/\/bubbletubing.com\/fr\/les-solutions-du-tuyau-bulle\/rideau-de-bulles-tuyau-bulle\/attenuation-du-bruit-rideau-de-bulles\/","og_locale":"fr_CA","og_type":"article","og_title":"Att\u00e9nuation du bruit - Rideau de bulles avec Bubble Tubing\u00ae","og_description":"Att\u00e9nuation du bruit - Rideau de bulles avec Bubble Tubing\u00ae. Une barri\u00e8re dyphasique att\u00e9nue les ondes sonores n\u00e9phastes pour la faune.","og_url":"https:\/\/bubbletubing.com\/fr\/les-solutions-du-tuyau-bulle\/rideau-de-bulles-tuyau-bulle\/attenuation-du-bruit-rideau-de-bulles\/","og_site_name":"Bubble Tubing","article_modified_time":"2025-10-22T16:49:51+00:00","twitter_card":"summary_large_image","schema":{"@context":"https:\/\/schema.org","@graph":[{"@type":"WebPage","@id":"https:\/\/bubbletubing.com\/fr\/les-solutions-du-tuyau-bulle\/rideau-de-bulles-tuyau-bulle\/attenuation-du-bruit-rideau-de-bulles\/","url":"https:\/\/bubbletubing.com\/fr\/les-solutions-du-tuyau-bulle\/rideau-de-bulles-tuyau-bulle\/attenuation-du-bruit-rideau-de-bulles\/","name":"Att\u00e9nuation du bruit - Rideau de bulles avec Bubble Tubing\u00ae","isPartOf":{"@id":"https:\/\/bubbletubing.com\/fr\/#website"},"datePublished":"2020-03-06T22:01:27+00:00","dateModified":"2025-10-22T16:49:51+00:00","description":"Att\u00e9nuation du bruit - Rideau de bulles avec Bubble Tubing\u00ae. Une barri\u00e8re dyphasique att\u00e9nue les ondes sonores n\u00e9phastes pour la faune.","breadcrumb":{"@id":"https:\/\/bubbletubing.com\/fr\/les-solutions-du-tuyau-bulle\/rideau-de-bulles-tuyau-bulle\/attenuation-du-bruit-rideau-de-bulles\/#breadcrumb"},"inLanguage":"fr-CA","potentialAction":[{"@type":"ReadAction","target":["https:\/\/bubbletubing.com\/fr\/les-solutions-du-tuyau-bulle\/rideau-de-bulles-tuyau-bulle\/attenuation-du-bruit-rideau-de-bulles\/"]}]},{"@type":"BreadcrumbList","@id":"https:\/\/bubbletubing.com\/fr\/les-solutions-du-tuyau-bulle\/rideau-de-bulles-tuyau-bulle\/attenuation-du-bruit-rideau-de-bulles\/#breadcrumb","itemListElement":[{"@type":"ListItem","position":1,"name":"Home","item":"https:\/\/bubbletubing.com\/fr\/"},{"@type":"ListItem","position":2,"name":"Les Solutions du Tuyau Bulle\u00ae","item":"https:\/\/bubbletubing.com\/fr\/les-solutions-du-tuyau-bulle\/"},{"@type":"ListItem","position":3,"name":"Rideau de bulles","item":"https:\/\/bubbletubing.com\/fr\/les-solutions-du-tuyau-bulle\/rideau-de-bulles-tuyau-bulle\/"},{"@type":"ListItem","position":4,"name":"Att\u00e9nuation du bruit"}]},{"@type":"WebSite","@id":"https:\/\/bubbletubing.com\/fr\/#website","url":"https:\/\/bubbletubing.com\/fr\/","name":"Bubble Tubing","description":"Barri\u00e8re de bulles, d\u00e9gla\u00e7age, a\u00e9ration","potentialAction":[{"@type":"SearchAction","target":{"@type":"EntryPoint","urlTemplate":"https:\/\/bubbletubing.com\/fr\/?s={search_term_string}"},"query-input":{"@type":"PropertyValueSpecification","valueRequired":true,"valueName":"search_term_string"}}],"inLanguage":"fr-CA"}]}},"_links":{"self":[{"href":"https:\/\/bubbletubing.com\/fr\/wp-json\/wp\/v2\/pages\/572","targetHints":{"allow":["GET"]}}],"collection":[{"href":"https:\/\/bubbletubing.com\/fr\/wp-json\/wp\/v2\/pages"}],"about":[{"href":"https:\/\/bubbletubing.com\/fr\/wp-json\/wp\/v2\/types\/page"}],"author":[{"embeddable":true,"href":"https:\/\/bubbletubing.com\/fr\/wp-json\/wp\/v2\/users\/1"}],"replies":[{"embeddable":true,"href":"https:\/\/bubbletubing.com\/fr\/wp-json\/wp\/v2\/comments?post=572"}],"version-history":[{"count":2,"href":"https:\/\/bubbletubing.com\/fr\/wp-json\/wp\/v2\/pages\/572\/revisions"}],"predecessor-version":[{"id":13447,"href":"https:\/\/bubbletubing.com\/fr\/wp-json\/wp\/v2\/pages\/572\/revisions\/13447"}],"up":[{"embeddable":true,"href":"https:\/\/bubbletubing.com\/fr\/wp-json\/wp\/v2\/pages\/230"}],"wp:attachment":[{"href":"https:\/\/bubbletubing.com\/fr\/wp-json\/wp\/v2\/media?parent=572"}],"curies":[{"name":"wp","href":"https:\/\/api.w.org\/{rel}","templated":true}]}}